{"id":2,"date":"2015-05-04T15:13:15","date_gmt":"2015-05-04T15:13:15","guid":{"rendered":"http:\/\/schnitt.com.ar\/?page_id=2"},"modified":"2020-11-30T01:49:17","modified_gmt":"2020-11-30T01:49:17","slug":"inicio","status":"publish","type":"page","link":"https:\/\/schnitt.com.ar\/","title":{"rendered":"Inicio"},"content":{"rendered":"<div id='full_slider_1'  class='avia-fullwidth-slider main_color avia-shadow   avia-builder-el-0  el_before_av_heading  avia-builder-el-first   container_wrap sidebar_right' style=' '  ><div   data-size='no scaling'  data-lightbox_size='large'  data-animation='slide'  data-conditional_play=''  data-ids='1576,1500,1501,1502'  data-video_counter='0'  data-autoplay='true'  data-bg_slider='false'  data-slide_height=''  data-handle='av_slideshow_full'  data-interval='4'  data-class=' image_no_stretch'  data-el_id=''  data-css_id=''  data-scroll_down=''  data-control_layout='av-control-default'  data-custom_markup=''  data-perma_caption=''  data-autoplay_stopper=''  data-image_attachment=''  data-min_height='0px'  data-lazy_loading='disabled'  data-src=''  data-position='top left'  data-repeat='no-repeat'  data-attach='scroll'  data-stretch='image_no_stretch'  class='avia-slideshow avia-slideshow-1  av-control-default av-default-height-applied avia-slideshow-no scaling av_slideshow_full  image_no_stretch avia-slide-slider '  itemprop=\"image\" itemscope=\"itemscope\" itemtype=\"https:\/\/schema.org\/ImageObject\" ><ul class='avia-slideshow-inner ' style='padding-bottom: 41.339491916859%;' ><li  class=' slide-1 ' ><a href='https:\/\/schnitt.com.ar\/index.php\/productos\/routers-cnc\/ma-router-cnc\/' data-rel='slideshow-1' class='avia-slide-wrap '   ><img decoding=\"async\" class=\"wp-image-1576 avia-img-lazy-loading-not-1576\"  src=\"https:\/\/schnitt.com.ar\/wp-content\/uploads\/2020\/11\/ma-2021.jpg\" width=\"1299\" height=\"537\" title='ma-2021' alt=''  itemprop=\"thumbnailUrl\" srcset=\"https:\/\/schnitt.com.ar\/wp-content\/uploads\/2020\/11\/ma-2021.jpg 1299w, https:\/\/schnitt.com.ar\/wp-content\/uploads\/2020\/11\/ma-2021-300x124.jpg 300w, https:\/\/schnitt.com.ar\/wp-content\/uploads\/2020\/11\/ma-2021-1030x426.jpg 1030w, https:\/\/schnitt.com.ar\/wp-content\/uploads\/2020\/11\/ma-2021-768x317.jpg 768w, https:\/\/schnitt.com.ar\/wp-content\/uploads\/2020\/11\/ma-2021-705x291.jpg 705w\" sizes=\"(max-width: 1299px) 100vw, 1299px\" \/><\/a><\/li><li  class=' slide-2 ' ><a href='https:\/\/schnitt.com.ar\/index.php\/productos\/laser-fibra\/lsr-e\/' data-rel='slideshow-1' class='avia-slide-wrap '   ><img decoding=\"async\" class=\"wp-image-1500 avia-img-lazy-loading-not-1500\"  src=\"https:\/\/schnitt.com.ar\/wp-content\/uploads\/2020\/11\/laser-1530LSR-e.jpg\" width=\"1299\" height=\"537\" title='laser-1530LSR-e' alt=''  itemprop=\"thumbnailUrl\" srcset=\"https:\/\/schnitt.com.ar\/wp-content\/uploads\/2020\/11\/laser-1530LSR-e.jpg 1299w, https:\/\/schnitt.com.ar\/wp-content\/uploads\/2020\/11\/laser-1530LSR-e-300x124.jpg 300w, https:\/\/schnitt.com.ar\/wp-content\/uploads\/2020\/11\/laser-1530LSR-e-1030x426.jpg 1030w, https:\/\/schnitt.com.ar\/wp-content\/uploads\/2020\/11\/laser-1530LSR-e-768x317.jpg 768w, https:\/\/schnitt.com.ar\/wp-content\/uploads\/2020\/11\/laser-1530LSR-e-705x291.jpg 705w\" sizes=\"(max-width: 1299px) 100vw, 1299px\" \/><\/a><\/li><li  class=' slide-3 ' ><a href='https:\/\/schnitt.com.ar\/index.php\/productos\/laser-fibra\/lsr-h\/' data-rel='slideshow-1' class='avia-slide-wrap '   ><img decoding=\"async\" class=\"wp-image-1501 avia-img-lazy-loading-not-1501\"  src=\"https:\/\/schnitt.com.ar\/wp-content\/uploads\/2020\/11\/laser-1530LSR-H.jpg\" width=\"1299\" height=\"537\" title='laser-1530LSR-H' alt=''  itemprop=\"thumbnailUrl\" srcset=\"https:\/\/schnitt.com.ar\/wp-content\/uploads\/2020\/11\/laser-1530LSR-H.jpg 1299w, https:\/\/schnitt.com.ar\/wp-content\/uploads\/2020\/11\/laser-1530LSR-H-300x124.jpg 300w, https:\/\/schnitt.com.ar\/wp-content\/uploads\/2020\/11\/laser-1530LSR-H-1030x426.jpg 1030w, https:\/\/schnitt.com.ar\/wp-content\/uploads\/2020\/11\/laser-1530LSR-H-768x317.jpg 768w, https:\/\/schnitt.com.ar\/wp-content\/uploads\/2020\/11\/laser-1530LSR-H-705x291.jpg 705w\" sizes=\"(max-width: 1299px) 100vw, 1299px\" \/><\/a><\/li><li  class=' slide-4 ' ><a href='https:\/\/schnitt.com.ar\/index.php\/productos\/laser-fibra\/lsr-p\/' data-rel='slideshow-1' class='avia-slide-wrap '   ><img decoding=\"async\" class=\"wp-image-1502 avia-img-lazy-loading-not-1502\"  src=\"https:\/\/schnitt.com.ar\/wp-content\/uploads\/2020\/11\/laser-1530LSR-p.jpg\" width=\"1299\" height=\"537\" title='laser-1530LSR-p' alt=''  itemprop=\"thumbnailUrl\" srcset=\"https:\/\/schnitt.com.ar\/wp-content\/uploads\/2020\/11\/laser-1530LSR-p.jpg 1299w, https:\/\/schnitt.com.ar\/wp-content\/uploads\/2020\/11\/laser-1530LSR-p-300x124.jpg 300w, https:\/\/schnitt.com.ar\/wp-content\/uploads\/2020\/11\/laser-1530LSR-p-1030x426.jpg 1030w, https:\/\/schnitt.com.ar\/wp-content\/uploads\/2020\/11\/laser-1530LSR-p-768x317.jpg 768w, https:\/\/schnitt.com.ar\/wp-content\/uploads\/2020\/11\/laser-1530LSR-p-705x291.jpg 705w\" sizes=\"(max-width: 1299px) 100vw, 1299px\" \/><\/a><\/li><\/ul><div class='avia-slideshow-arrows avia-slideshow-controls'><a href='#prev' class='prev-slide' aria-hidden='true' data-av_icon='\ue87c' data-av_iconfont='entypo-fontello'>Anterior<\/a><a href='#next' class='next-slide' aria-hidden='true' data-av_icon='\ue87d' data-av_iconfont='entypo-fontello'>Posterior<\/a><\/div><div class='avia-slideshow-dots avia-slideshow-controls'><a href='#1' class='goto-slide active' >1<\/a><a href='#2' class='goto-slide ' >2<\/a><a href='#3' class='goto-slide ' >3<\/a><a href='#4' class='goto-slide ' >4<\/a><\/div><\/div><\/div><div id='after_full_slider_1'  class='main_color av_default_container_wrap container_wrap sidebar_right' style=' '  ><div class='container' ><div class='template-page content  av-content-small alpha units'><div class='post-entry post-entry-type-page post-entry-2'><div class='entry-content-wrapper clearfix'>\n<div  style='padding-bottom:0px; font-size:48px;' class='av-special-heading av-special-heading-h5  blockquote modern-quote modern-centered  avia-builder-el-1  el_after_av_slideshow_full  el_before_av_heading  avia-builder-el-first  av-inherit-size '><h5 class='av-special-heading-tag '  itemprop=\"headline\"  >La marca nacional l\u00edder en maquinaria CNC<\/h5><div class='special-heading-border'><div class='special-heading-inner-border' ><\/div><\/div><\/div>\n<div  style='padding-bottom:0px; color:#ea5610;font-size:30px;' class='av-special-heading av-special-heading-h3 custom-color-heading blockquote modern-quote modern-centered  avia-builder-el-2  el_after_av_heading  el_before_av_one_half  av-inherit-size '><h3 class='av-special-heading-tag '  itemprop=\"headline\"  >SCHNITT\u00ae: Resistencia, Precisi\u00f3n y Dise\u00f1o Funcional.<\/h3><div class='special-heading-border'><div class='special-heading-inner-border' style='border-color:#ea5610'><\/div><\/div><\/div>\n<div class=\"flex_column av_one_half  flex_column_div first  avia-builder-el-3  el_after_av_heading  el_before_av_one_half  \" ><section class=\"av_textblock_section \"  itemscope=\"itemscope\" itemtype=\"https:\/\/schema.org\/CreativeWork\" ><div class='avia_textblock  '  style='font-size:12px; '  itemprop=\"text\" ><p>La empresa se caracteriza por su capacidad, dise\u00f1o, presentaciones, comercializaci\u00f3n y servicio post-venta. Le agradecemos su visita a nuestro sitio web y lo invitamos a recorrer y conocer todos nuestros productos de corte y grabado en sus distintas tecnolog\u00edas.<\/p>\n<\/div><\/section><\/div>\n<div class=\"flex_column av_one_half  flex_column_div av-zero-column-padding   avia-builder-el-5  el_after_av_one_half  el_before_av_hr  \" style='border-radius:0px; '><section class=\"av_textblock_section \"  itemscope=\"itemscope\" itemtype=\"https:\/\/schema.org\/CreativeWork\" ><div class='avia_textblock  '  style='font-size:12px; '  itemprop=\"text\" ><p>Brindamos las mejores caracter\u00edsticas en materia humana, contando tambi\u00e9n con la mas alta tecnolog\u00eda productiva e innovando continuamente con maquinas de componentes nacionales fabricados en nuestros talleres.<\/p>\n<\/div><\/section><\/div>\n<div  style=' margin-top:25px; margin-bottom:40px;'  class='hr hr-custom hr-center hr-icon-no   avia-builder-el-7  el_after_av_one_half  el_before_av_heading '><span class='hr-inner  inner-border-av-border-thin' style=' width:1310px;' ><span class='hr-inner-style'><\/span><\/span><\/div>\n<div  style='padding-bottom:10px; color:#ffffff;font-size:40px;' class='av-special-heading av-special-heading-h3 custom-color-heading blockquote modern-quote modern-centered  avia-builder-el-8  el_after_av_hr  el_before_av_image  av-thin-font av-inherit-size '><h3 class='av-special-heading-tag '  itemprop=\"headline\"  ><strong>Routers CNC<\/strong><\/h3><div class='special-heading-border'><div class='special-heading-inner-border' style='border-color:#ffffff'><\/div><\/div><\/div>\n<div  class='avia-image-container avia_animated_image avia_animate_when_almost_visible right-to-left av-styling-    avia-builder-el-9  el_after_av_heading  el_before_av_one_full  avia-align-center '  itemprop=\"image\" itemscope=\"itemscope\" itemtype=\"https:\/\/schema.org\/ImageObject\"  ><div class='avia-image-container-inner'><div class='avia-image-overlay-wrap'><img decoding=\"async\" class='wp-image-1320 avia-img-lazy-loading-not-1320 avia_image' src=\"https:\/\/schnitt.com.ar\/wp-content\/uploads\/2015\/05\/routers-inicio4.jpg\" alt='Routers CNC - Schnitt' title='Routers CNC - Schnitt' height=\"352\" width=\"975\"  itemprop=\"thumbnailUrl\" srcset=\"https:\/\/schnitt.com.ar\/wp-content\/uploads\/2015\/05\/routers-inicio4.jpg 975w, https:\/\/schnitt.com.ar\/wp-content\/uploads\/2015\/05\/routers-inicio4-300x108.jpg 300w, https:\/\/schnitt.com.ar\/wp-content\/uploads\/2015\/05\/routers-inicio4-705x255.jpg 705w, https:\/\/schnitt.com.ar\/wp-content\/uploads\/2015\/05\/routers-inicio4-450x162.jpg 450w\" sizes=\"(max-width: 975px) 100vw, 975px\" \/><\/div><\/div><\/div>\n<div  class='avia-button-wrap avia-button-center ' ><a href='https:\/\/schnitt.com.ar\/index.php\/productos\/routers-cnc\/'  class='avia-button  avia-color-theme-color   avia-icon_select-yes-left-icon avia-size-large avia-position-center '   ><span class='avia_button_icon avia_button_icon_left ' aria-hidden='true' data-av_icon='\ue879' data-av_iconfont='entypo-fontello'><\/span><span class='avia_iconbox_title' >Ver M\u00e1s<\/span><\/a><\/div>\n<div  style=' margin-top:25px; margin-bottom:40px;'  class='hr hr-custom hr-center hr-icon-no  '><span class='hr-inner  inner-border-av-border-thin' style=' width:1310px;' ><span class='hr-inner-style'><\/span><\/span><\/div>\n<div  style='padding-bottom:10px; color:#ffffff;font-size:40px;' class='av-special-heading av-special-heading-h3 custom-color-heading blockquote modern-quote modern-centered  av-thin-font av-inherit-size '><h3 class='av-special-heading-tag '  itemprop=\"headline\"  ><strong>Pant\u00f3grafos Plasmas CNC<\/strong><\/h3><div class='special-heading-border'><div class='special-heading-inner-border' style='border-color:#ffffff'><\/div><\/div><\/div>\n<div  class='avia-image-container avia_animated_image avia_animate_when_almost_visible right-to-left av-styling-    avia-align-center '  itemprop=\"image\" itemscope=\"itemscope\" itemtype=\"https:\/\/schema.org\/ImageObject\"  ><div class='avia-image-container-inner'><div class='avia-image-overlay-wrap'><img decoding=\"async\" class='wp-image-1003 avia-img-lazy-loading-not-1003 avia_image' src=\"https:\/\/schnitt.com.ar\/wp-content\/uploads\/2015\/07\/plasms-inicio.jpg\" alt='Plasmas cnc - Schnitt' title='Plasmas cnc - Schnitt' height=\"352\" width=\"975\"  itemprop=\"thumbnailUrl\" srcset=\"https:\/\/schnitt.com.ar\/wp-content\/uploads\/2015\/07\/plasms-inicio.jpg 975w, https:\/\/schnitt.com.ar\/wp-content\/uploads\/2015\/07\/plasms-inicio-300x108.jpg 300w, https:\/\/schnitt.com.ar\/wp-content\/uploads\/2015\/07\/plasms-inicio-705x255.jpg 705w, https:\/\/schnitt.com.ar\/wp-content\/uploads\/2015\/07\/plasms-inicio-450x162.jpg 450w\" sizes=\"(max-width: 975px) 100vw, 975px\" \/><\/div><\/div><\/div>\n<div  class='avia-button-wrap avia-button-center ' ><a href='https:\/\/schnitt.com.ar\/index.php\/productos\/plasma-cnc\/'  class='avia-button  avia-color-theme-color   avia-icon_select-yes-left-icon avia-size-large avia-position-center '   ><span class='avia_button_icon avia_button_icon_left ' aria-hidden='true' data-av_icon='\ue879' data-av_iconfont='entypo-fontello'><\/span><span class='avia_iconbox_title' >Ver M\u00e1s<\/span><\/a><\/div>\n<div  style=' margin-top:25px; margin-bottom:40px;'  class='hr hr-custom hr-center hr-icon-no  '><span class='hr-inner  inner-border-av-border-thin' style=' width:1310px;' ><span class='hr-inner-style'><\/span><\/span><\/div>\n<\/div><\/div><\/div><!-- close content main div --><\/div><\/div><div id='av_section_1'  class='avia-section main_color avia-section-small avia-no-border-styling  avia-full-stretch avia-bg-style-scroll   av-minimum-height av-minimum-height-custom  container_wrap sidebar_right' style='background-repeat: no-repeat; background-image: url(https:\/\/schnitt.com.ar\/wp-content\/uploads\/2015\/05\/fondo-schnitt.jpg);background-attachment: scroll; background-position: top left;  '  data-section-bg-repeat='stretch'><div class='container' style='height:498px'><div class='template-page content  av-content-small alpha units'><div class='post-entry post-entry-type-page post-entry-2'><div class='entry-content-wrapper clearfix'>\n<div class=\"flex_column av_one_third  flex_column_div first  \" ><p><section class=\"av_textblock_section \"  itemscope=\"itemscope\" itemtype=\"https:\/\/schema.org\/CreativeWork\" ><div class='avia_textblock  '  style='font-size:16px; '  itemprop=\"text\" ><p>\u00bfQU\u00c9 ES CNC?<\/p>\n<\/div><\/section><br \/>\n<section class=\"av_textblock_section \"  itemscope=\"itemscope\" itemtype=\"https:\/\/schema.org\/CreativeWork\" ><div class='avia_textblock  '   itemprop=\"text\" ><p>Conozca un poco m\u00e1s sobre qu\u00e9 es el <strong>control num\u00e9rico por computadora.\u00a0<\/strong>Aqu\u00ed le brindaremos un poco de informaci\u00f3n para entender lo que hacemos y que producto va a adquirir.<\/p>\n<\/div><\/section><br \/>\n<div  class='avia-button-wrap avia-button-left ' ><a href='https:\/\/schnitt.com.ar\/index.php\/que-es-cnc\/'  class='avia-button  avia-color-light   avia-icon_select-no avia-size-large avia-position-left '   ><span class='avia_iconbox_title' >Ver M\u00e1s<\/span><\/a><\/div><\/p><\/div><div class=\"flex_column av_one_third  flex_column_div   \" ><p><section class=\"av_textblock_section \"  itemscope=\"itemscope\" itemtype=\"https:\/\/schema.org\/CreativeWork\" ><div class='avia_textblock  '  style='font-size:16px; '  itemprop=\"text\" ><p>D\u00d3NDE ESTAMOS?<\/p>\n<\/div><\/section><br \/>\n<section class=\"av_textblock_section \"  itemscope=\"itemscope\" itemtype=\"https:\/\/schema.org\/CreativeWork\" ><div class='avia_textblock  '   itemprop=\"text\" ><p>Vea a trav\u00e9s de los mapas donde estamos ubicados, tanto en <strong>Argentina<\/strong> como <strong>Uruguay<\/strong> y <strong>Brasil<\/strong>.<\/p>\n<\/div><\/section><br \/>\n<div  class='avia-button-wrap avia-button-left ' ><a href='https:\/\/schnitt.com.ar\/index.php\/donde-estamos-2\/'  class='avia-button  avia-color-light   avia-icon_select-no avia-size-large avia-position-left '   ><span class='avia_iconbox_title' >Ver M\u00e1s<\/span><\/a><\/div><\/p><\/div><div class=\"flex_column av_one_third  flex_column_div   \" ><p><section class=\"av_textblock_section \"  itemscope=\"itemscope\" itemtype=\"https:\/\/schema.org\/CreativeWork\" ><div class='avia_textblock  '  style='font-size:16px; '  itemprop=\"text\" ><p>PREGUNTAS FRECUENTES<\/p>\n<\/div><\/section><br \/>\n<section class=\"av_textblock_section \"  itemscope=\"itemscope\" itemtype=\"https:\/\/schema.org\/CreativeWork\" ><div class='avia_textblock  '   itemprop=\"text\" ><p>\u00bfTiene dudas t\u00e9cnicas o sobre que producto adquirir? Aqu\u00ed puede resolver algunas de sus dudas r\u00e1pidamente.<\/p>\n<\/div><\/section><br \/>\n<div  class='avia-button-wrap avia-button-left ' ><a href='https:\/\/schnitt.com.ar\/index.php\/preguntas-frecuentes\/'  class='avia-button  avia-color-light   avia-icon_select-no avia-size-large avia-position-left '   ><span class='avia_iconbox_title' >Ver M\u00e1s<\/span><\/a><\/div><\/p><\/div>\n<\/div><\/div><\/div><!-- close content main div --><\/div><\/div><div id='after_section_1'  class='main_color av_default_container_wrap container_wrap sidebar_right' style=' '  ><div class='container' ><div class='template-page content  av-content-small alpha units'><div class='post-entry post-entry-type-page post-entry-2'><div class='entry-content-wrapper clearfix'>\n<\/div><\/div><\/div><!-- close content main div --><\/div><\/div><div id='av_section_2'  class='avia-section main_color avia-section-default avia-no-shadow  avia-bg-style-scroll   container_wrap sidebar_right' style='background-color: #363636;  '  ><div class='container' ><div class='template-page content  av-content-small alpha units'><div class='post-entry post-entry-type-page post-entry-2'><div class='entry-content-wrapper clearfix'>\n<div class=\"flex_column av_one_third  flex_column_div first  \" ><div  class='avia-image-container avia_animated_image avia_animate_when_almost_visible left-to-right av-styling-    avia-align-center '  itemprop=\"image\" itemscope=\"itemscope\" itemtype=\"https:\/\/schema.org\/ImageObject\"  ><div class='avia-image-container-inner'><div class='avia-image-overlay-wrap'><img decoding=\"async\" class='wp-image-1083 avia-img-lazy-loading-not-1083 avia_image' src=\"https:\/\/schnitt.com.ar\/wp-content\/uploads\/2015\/05\/sinpar_03.jpg\" alt='' title='schnitt' height=\"119\" width=\"293\"  itemprop=\"thumbnailUrl\"  \/><\/div><\/div><\/div><\/div><div class=\"flex_column av_one_third  flex_column_div   \" ><div  class='avia-image-container avia_animated_image avia_animate_when_almost_visible top-to-bottom av-styling-    avia-align-center '  itemprop=\"image\" itemscope=\"itemscope\" itemtype=\"https:\/\/schema.org\/ImageObject\"  ><div class='avia-image-container-inner'><div class='avia-image-overlay-wrap'><a href='http:\/\/www.sinpar.com.ar\/' class='avia_image' target=\"_blank\" rel=\"noopener noreferrer\"><img decoding=\"async\" width=\"303\" height=\"119\" class='wp-image-1084 avia-img-lazy-loading-not-1084 avia_image' src=\"https:\/\/schnitt.com.ar\/wp-content\/uploads\/2015\/05\/sinpar_04.jpg\" alt='SinPar - Fresados' title='SinPar - Fresados'  itemprop=\"thumbnailUrl\" srcset=\"https:\/\/schnitt.com.ar\/wp-content\/uploads\/2015\/05\/sinpar_04.jpg 303w, https:\/\/schnitt.com.ar\/wp-content\/uploads\/2015\/05\/sinpar_04-300x118.jpg 300w\" sizes=\"(max-width: 303px) 100vw, 303px\" \/><\/a><\/div><\/div><\/div><\/div><div class=\"flex_column av_one_third  flex_column_div   \" ><div  class='avia-image-container avia_animated_image avia_animate_when_almost_visible right-to-left av-styling-    avia-align-center '  itemprop=\"image\" itemscope=\"itemscope\" itemtype=\"https:\/\/schema.org\/ImageObject\"  ><div class='avia-image-container-inner'><div class='avia-image-overlay-wrap'><a href='http:\/\/thermal-dynamics.com\/' class='avia_image' target=\"_blank\" rel=\"noopener noreferrer\"><img decoding=\"async\" width=\"324\" height=\"119\" class='wp-image-1082 avia-img-lazy-loading-not-1082 avia_image' src=\"https:\/\/schnitt.com.ar\/wp-content\/uploads\/2015\/05\/sinpar_05.jpg\" alt='Victor Thermal Dynamics' title='Victor Thermal Dynamics'  itemprop=\"thumbnailUrl\" srcset=\"https:\/\/schnitt.com.ar\/wp-content\/uploads\/2015\/05\/sinpar_05.jpg 324w, https:\/\/schnitt.com.ar\/wp-content\/uploads\/2015\/05\/sinpar_05-300x110.jpg 300w\" sizes=\"(max-width: 324px) 100vw, 324px\" \/><\/a><\/div><\/div><\/div><\/div>\n<\/div><\/div><\/div><!-- close content main div --><\/div><\/div><div id='after_section_2'  class='main_color av_default_container_wrap container_wrap sidebar_right' style=' '  ><div class='container' ><div class='template-page content  av-content-small alpha units'><div class='post-entry post-entry-type-page post-entry-2'><div class='entry-content-wrapper clearfix'>\n","protected":false},"excerpt":{"rendered":"","protected":false},"author":1,"featured_media":0,"parent":0,"menu_order":0,"comment_status":"open","ping_status":"open","template":"","meta":{"_joinchat":[],"footnotes":""},"class_list":["post-2","page","type-page","status-publish","hentry"],"_links":{"self":[{"href":"https:\/\/schnitt.com.ar\/index.php\/wp-json\/wp\/v2\/pages\/2"}],"collection":[{"href":"https:\/\/schnitt.com.ar\/index.php\/wp-json\/wp\/v2\/pages"}],"about":[{"href":"https:\/\/schnitt.com.ar\/index.php\/wp-json\/wp\/v2\/types\/page"}],"author":[{"embeddable":true,"href":"https:\/\/schnitt.com.ar\/index.php\/wp-json\/wp\/v2\/users\/1"}],"replies":[{"embeddable":true,"href":"https:\/\/schnitt.com.ar\/index.php\/wp-json\/wp\/v2\/comments?post=2"}],"version-history":[{"count":221,"href":"https:\/\/schnitt.com.ar\/index.php\/wp-json\/wp\/v2\/pages\/2\/revisions"}],"predecessor-version":[{"id":1578,"href":"https:\/\/schnitt.com.ar\/index.php\/wp-json\/wp\/v2\/pages\/2\/revisions\/1578"}],"wp:attachment":[{"href":"https:\/\/schnitt.com.ar\/index.php\/wp-json\/wp\/v2\/media?parent=2"}],"curies":[{"name":"wp","href":"https:\/\/api.w.org\/{rel}","templated":true}]}}